{"id":5358,"date":"2021-12-01T11:39:33","date_gmt":"2021-12-01T11:39:33","guid":{"rendered":"https:\/\/lynxee.consulting\/conseil-sur-la-reglementation\/"},"modified":"2021-12-27T16:06:56","modified_gmt":"2021-12-27T16:06:56","slug":"advice-on-plant-protection-product-regulation","status":"publish","type":"page","link":"https:\/\/lynxee.consulting\/en\/advice-on-plant-protection-product-regulation\/","title":{"rendered":"Advice on plant protection product regulation"},"content":{"rendered":"","protected":false},"excerpt":{"rendered":"","protected":false},"author":12,"featured_media":0,"parent":0,"menu_order":0,"comment_status":"closed","ping_status":"closed","template":"","meta":{"footnotes":""},"class_list":["post-5358","page","type-page","status-publish","hentry"],"yoast_head":"<!-- This site is optimized with the Yoast SEO plugin v26.1.1 - https:\/\/yoast.com\/wordpress\/plugins\/seo\/ -->\n<title>Advice on plant protection product regulation - Lynxee consulting<\/title>\n<meta name=\"description\" content=\"Lynxee consulting est une soci\u00e9t\u00e9 de Conseil sur la r\u00e9glementation des Produits phytopharmaceutiques avant leur mise sur le march\u00e9\" \/>\n<meta name=\"robots\" content=\"index, follow, max-snippet:-1, max-image-preview:large, max-video-preview:-1\" \/>\n<link rel=\"canonical\" href=\"https:\/\/lynxee.consulting\/en\/advice-on-plant-protection-product-regulation\/\" \/>\n<meta property=\"og:locale\" content=\"en_US\" \/>\n<meta property=\"og:type\" content=\"article\" \/>\n<meta property=\"og:title\" content=\"Advice on plant protection product regulation - Lynxee consulting\" \/>\n<meta property=\"og:description\" content=\"Lynxee consulting est une soci\u00e9t\u00e9 de Conseil sur la r\u00e9glementation des Produits phytopharmaceutiques avant leur mise sur le march\u00e9\" \/>\n<meta property=\"og:url\" content=\"https:\/\/lynxee.consulting\/en\/advice-on-plant-protection-product-regulation\/\" \/>\n<meta property=\"og:site_name\" content=\"Lynxee consulting\" \/>\n<meta property=\"article:modified_time\" content=\"2021-12-27T16:06:56+00:00\" \/>\n<meta property=\"og:image\" content=\"https:\/\/lynxee.consulting\/wp-content\/uploads\/2015\/04\/logo-lynxeeconsulting_site1.png\" \/>\n\t<meta property=\"og:image:width\" content=\"340\" \/>\n\t<meta property=\"og:image:height\" content=\"156\" \/>\n\t<meta property=\"og:image:type\" content=\"image\/png\" \/>\n<meta name=\"twitter:card\" content=\"summary_large_image\" \/>\n<script type=\"application\/ld+json\" class=\"yoast-schema-graph\">{\"@context\":\"https:\/\/schema.org\",\"@graph\":[{\"@type\":\"WebPage\",\"@id\":\"https:\/\/lynxee.consulting\/en\/advice-on-plant-protection-product-regulation\/\",\"url\":\"https:\/\/lynxee.consulting\/en\/advice-on-plant-protection-product-regulation\/\",\"name\":\"Advice on plant protection product regulation - Lynxee consulting\",\"isPartOf\":{\"@id\":\"https:\/\/lynxee.consulting\/#website\"},\"datePublished\":\"2021-12-01T11:39:33+00:00\",\"dateModified\":\"2021-12-27T16:06:56+00:00\",\"description\":\"Lynxee consulting est une soci\u00e9t\u00e9 de Conseil sur la r\u00e9glementation des Produits phytopharmaceutiques avant leur mise sur le march\u00e9\",\"breadcrumb\":{\"@id\":\"https:\/\/lynxee.consulting\/en\/advice-on-plant-protection-product-regulation\/#breadcrumb\"},\"inLanguage\":\"en-US\",\"potentialAction\":[{\"@type\":\"ReadAction\",\"target\":[\"https:\/\/lynxee.consulting\/en\/advice-on-plant-protection-product-regulation\/\"]}]},{\"@type\":\"BreadcrumbList\",\"@id\":\"https:\/\/lynxee.consulting\/en\/advice-on-plant-protection-product-regulation\/#breadcrumb\",\"itemListElement\":[{\"@type\":\"ListItem\",\"position\":1,\"name\":\"Accueil\",\"item\":\"https:\/\/lynxee.consulting\/en\/\"},{\"@type\":\"ListItem\",\"position\":2,\"name\":\"Advice on plant protection product regulation\"}]},{\"@type\":\"WebSite\",\"@id\":\"https:\/\/lynxee.consulting\/#website\",\"url\":\"https:\/\/lynxee.consulting\/\",\"name\":\"Lynxee consulting\",\"description\":\"Innovative support for regulatory issues\",\"potentialAction\":[{\"@type\":\"SearchAction\",\"target\":{\"@type\":\"EntryPoint\",\"urlTemplate\":\"https:\/\/lynxee.consulting\/?s={search_term_string}\"},\"query-input\":{\"@type\":\"PropertyValueSpecification\",\"valueRequired\":true,\"valueName\":\"search_term_string\"}}],\"inLanguage\":\"en-US\"}]}<\/script>\n<!-- \/ Yoast SEO plugin. -->","yoast_head_json":{"title":"Advice on plant protection product regulation - Lynxee consulting","description":"Lynxee consulting est une soci\u00e9t\u00e9 de Conseil sur la r\u00e9glementation des Produits phytopharmaceutiques avant leur mise sur le march\u00e9","robots":{"index":"index","follow":"follow","max-snippet":"max-snippet:-1","max-image-preview":"max-image-preview:large","max-video-preview":"max-video-preview:-1"},"canonical":"https:\/\/lynxee.consulting\/en\/advice-on-plant-protection-product-regulation\/","og_locale":"en_US","og_type":"article","og_title":"Advice on plant protection product regulation - Lynxee consulting","og_description":"Lynxee consulting est une soci\u00e9t\u00e9 de Conseil sur la r\u00e9glementation des Produits phytopharmaceutiques avant leur mise sur le march\u00e9","og_url":"https:\/\/lynxee.consulting\/en\/advice-on-plant-protection-product-regulation\/","og_site_name":"Lynxee consulting","article_modified_time":"2021-12-27T16:06:56+00:00","og_image":[{"width":340,"height":156,"url":"https:\/\/lynxee.consulting\/wp-content\/uploads\/2015\/04\/logo-lynxeeconsulting_site1.png","type":"image\/png"}],"twitter_card":"summary_large_image","schema":{"@context":"https:\/\/schema.org","@graph":[{"@type":"WebPage","@id":"https:\/\/lynxee.consulting\/en\/advice-on-plant-protection-product-regulation\/","url":"https:\/\/lynxee.consulting\/en\/advice-on-plant-protection-product-regulation\/","name":"Advice on plant protection product regulation - Lynxee consulting","isPartOf":{"@id":"https:\/\/lynxee.consulting\/#website"},"datePublished":"2021-12-01T11:39:33+00:00","dateModified":"2021-12-27T16:06:56+00:00","description":"Lynxee consulting est une soci\u00e9t\u00e9 de Conseil sur la r\u00e9glementation des Produits phytopharmaceutiques avant leur mise sur le march\u00e9","breadcrumb":{"@id":"https:\/\/lynxee.consulting\/en\/advice-on-plant-protection-product-regulation\/#breadcrumb"},"inLanguage":"en-US","potentialAction":[{"@type":"ReadAction","target":["https:\/\/lynxee.consulting\/en\/advice-on-plant-protection-product-regulation\/"]}]},{"@type":"BreadcrumbList","@id":"https:\/\/lynxee.consulting\/en\/advice-on-plant-protection-product-regulation\/#breadcrumb","itemListElement":[{"@type":"ListItem","position":1,"name":"Accueil","item":"https:\/\/lynxee.consulting\/en\/"},{"@type":"ListItem","position":2,"name":"Advice on plant protection product regulation"}]},{"@type":"WebSite","@id":"https:\/\/lynxee.consulting\/#website","url":"https:\/\/lynxee.consulting\/","name":"Lynxee consulting","description":"Innovative support for regulatory issues","potentialAction":[{"@type":"SearchAction","target":{"@type":"EntryPoint","urlTemplate":"https:\/\/lynxee.consulting\/?s={search_term_string}"},"query-input":{"@type":"PropertyValueSpecification","valueRequired":true,"valueName":"search_term_string"}}],"inLanguage":"en-US"}]}},"_links":{"self":[{"href":"https:\/\/lynxee.consulting\/en\/wp-json\/wp\/v2\/pages\/5358","targetHints":{"allow":["GET"]}}],"collection":[{"href":"https:\/\/lynxee.consulting\/en\/wp-json\/wp\/v2\/pages"}],"about":[{"href":"https:\/\/lynxee.consulting\/en\/wp-json\/wp\/v2\/types\/page"}],"author":[{"embeddable":true,"href":"https:\/\/lynxee.consulting\/en\/wp-json\/wp\/v2\/users\/12"}],"replies":[{"embeddable":true,"href":"https:\/\/lynxee.consulting\/en\/wp-json\/wp\/v2\/comments?post=5358"}],"version-history":[{"count":4,"href":"https:\/\/lynxee.consulting\/en\/wp-json\/wp\/v2\/pages\/5358\/revisions"}],"predecessor-version":[{"id":5507,"href":"https:\/\/lynxee.consulting\/en\/wp-json\/wp\/v2\/pages\/5358\/revisions\/5507"}],"wp:attachment":[{"href":"https:\/\/lynxee.consulting\/en\/wp-json\/wp\/v2\/media?parent=5358"}],"curies":[{"name":"wp","href":"https:\/\/api.w.org\/{rel}","templated":true}]}}